{"id":42,"date":"2025-03-20T09:42:11","date_gmt":"2025-03-20T09:42:11","guid":{"rendered":"https:\/\/blog.wesaas.fr\/?page_id=42"},"modified":"2025-05-12T10:46:27","modified_gmt":"2025-05-12T10:46:27","slug":"blog","status":"publish","type":"page","link":"https:\/\/blog.wesaas.fr\/","title":{"rendered":"Nos articles pour mieux connaitre le SaaS"},"content":{"rendered":"<ul class=\"wp-block-latest-posts__list has-dates wp-block-latest-posts\"><li><div class=\"wp-block-latest-posts__featured-image\"><a href=\"https:\/\/blog.wesaas.fr\/?p=26\" aria-label=\"Top 5 des meilleurs CRM pour les PME et solopreuneur en 2025 :\"><img loading=\"lazy\" decoding=\"async\" width=\"1000\" height=\"605\" src=\"https:\/\/blog.wesaas.fr\/wp-content\/uploads\/2025\/03\/post-wesaas.jpg\" class=\"attachment-large size-large wp-post-image\" alt=\"\" style=\"max-width:512px;max-height:512px;\" srcset=\"https:\/\/blog.wesaas.fr\/wp-content\/uploads\/2025\/03\/post-wesaas.jpg 1000w, https:\/\/blog.wesaas.fr\/wp-content\/uploads\/2025\/03\/post-wesaas-300x182.jpg 300w, https:\/\/blog.wesaas.fr\/wp-content\/uploads\/2025\/03\/post-wesaas-768x465.jpg 768w\" sizes=\"auto, (max-width: 1000px) 100vw, 1000px\" \/><\/a><\/div><a class=\"wp-block-latest-posts__post-title\" href=\"https:\/\/blog.wesaas.fr\/?p=26\">Top 5 des meilleurs CRM pour les PME et solopreuneur en 2025 :<\/a><time datetime=\"2025-03-20T09:24:54+00:00\" class=\"wp-block-latest-posts__post-date\">mars 20, 2025<\/time><div class=\"wp-block-latest-posts__post-excerpt\">Dans un monde o\u00f9 la gestion de la relation client est essentielle \u00e0 la croissance des entreprises, choisir le bon CRM (Customer Relationship Management) peut faire toute la diff\u00e9rence. Pour\u2026 <a class=\"wp-block-latest-posts__read-more\" href=\"https:\/\/blog.wesaas.fr\/?p=26\" rel=\"noopener noreferrer\">Lire la suite<span class=\"screen-reader-text\">\u00a0: Top 5 des meilleurs CRM pour les PME et solopreuneur en 2025 :<\/span><\/a><\/div><\/li>\n<\/ul>","protected":false},"excerpt":{"rendered":"","protected":false},"author":2,"featured_media":0,"parent":0,"menu_order":0,"comment_status":"closed","ping_status":"closed","template":"","meta":{"footnotes":""},"class_list":["post-42","page","type-page","status-publish","hentry"],"yoast_head":"<!-- This site is optimized with the Yoast SEO plugin v18.3 - https:\/\/yoast.com\/wordpress\/plugins\/seo\/ -->\n<title>Nos articles pour mieux connaitre le SaaS - WeSaas - Blog<\/title>\n<meta name=\"robots\" content=\"index, follow, max-snippet:-1, max-image-preview:large, max-video-preview:-1\" \/>\n<link rel=\"canonical\" href=\"https:\/\/blog.wesaas.fr\/\" \/>\n<meta property=\"og:locale\" content=\"fr_FR\" \/>\n<meta property=\"og:type\" content=\"article\" \/>\n<meta property=\"og:title\" content=\"Nos articles pour mieux connaitre le SaaS - WeSaas - Blog\" \/>\n<meta property=\"og:url\" content=\"https:\/\/blog.wesaas.fr\/\" \/>\n<meta property=\"og:site_name\" content=\"WeSaas - Blog\" \/>\n<meta property=\"article:modified_time\" content=\"2025-05-12T10:46:27+00:00\" \/>\n<meta name=\"twitter:card\" content=\"summary_large_image\" \/>\n<script type=\"application\/ld+json\" class=\"yoast-schema-graph\">{\"@context\":\"https:\/\/schema.org\",\"@graph\":[{\"@type\":\"WebSite\",\"@id\":\"https:\/\/blog.wesaas.fr\/#website\",\"url\":\"https:\/\/blog.wesaas.fr\/\",\"name\":\"WeSaas - Blog\",\"description\":\"\",\"potentialAction\":[{\"@type\":\"SearchAction\",\"target\":{\"@type\":\"EntryPoint\",\"urlTemplate\":\"https:\/\/blog.wesaas.fr\/?s={search_term_string}\"},\"query-input\":\"required name=search_term_string\"}],\"inLanguage\":\"fr-FR\"},{\"@type\":\"WebPage\",\"@id\":\"https:\/\/blog.wesaas.fr\/#webpage\",\"url\":\"https:\/\/blog.wesaas.fr\/\",\"name\":\"Nos articles pour mieux connaitre le SaaS - WeSaas - Blog\",\"isPartOf\":{\"@id\":\"https:\/\/blog.wesaas.fr\/#website\"},\"datePublished\":\"2025-03-20T09:42:11+00:00\",\"dateModified\":\"2025-05-12T10:46:27+00:00\",\"breadcrumb\":{\"@id\":\"https:\/\/blog.wesaas.fr\/#breadcrumb\"},\"inLanguage\":\"fr-FR\",\"potentialAction\":[{\"@type\":\"ReadAction\",\"target\":[\"https:\/\/blog.wesaas.fr\/\"]}]},{\"@type\":\"BreadcrumbList\",\"@id\":\"https:\/\/blog.wesaas.fr\/#breadcrumb\",\"itemListElement\":[{\"@type\":\"ListItem\",\"position\":1,\"name\":\"Accueil\",\"item\":\"https:\/\/blog.wesaas.fr\/\"},{\"@type\":\"ListItem\",\"position\":2,\"name\":\"Nos articles pour mieux connaitre le SaaS\"}]}]}<\/script>\n<!-- \/ Yoast SEO plugin. -->","yoast_head_json":{"title":"Nos articles pour mieux connaitre le SaaS - WeSaas - Blog","robots":{"index":"index","follow":"follow","max-snippet":"max-snippet:-1","max-image-preview":"max-image-preview:large","max-video-preview":"max-video-preview:-1"},"canonical":"https:\/\/blog.wesaas.fr\/","og_locale":"fr_FR","og_type":"article","og_title":"Nos articles pour mieux connaitre le SaaS - WeSaas - Blog","og_url":"https:\/\/blog.wesaas.fr\/","og_site_name":"WeSaas - Blog","article_modified_time":"2025-05-12T10:46:27+00:00","twitter_card":"summary_large_image","schema":{"@context":"https:\/\/schema.org","@graph":[{"@type":"WebSite","@id":"https:\/\/blog.wesaas.fr\/#website","url":"https:\/\/blog.wesaas.fr\/","name":"WeSaas - Blog","description":"","potentialAction":[{"@type":"SearchAction","target":{"@type":"EntryPoint","urlTemplate":"https:\/\/blog.wesaas.fr\/?s={search_term_string}"},"query-input":"required name=search_term_string"}],"inLanguage":"fr-FR"},{"@type":"WebPage","@id":"https:\/\/blog.wesaas.fr\/#webpage","url":"https:\/\/blog.wesaas.fr\/","name":"Nos articles pour mieux connaitre le SaaS - WeSaas - Blog","isPartOf":{"@id":"https:\/\/blog.wesaas.fr\/#website"},"datePublished":"2025-03-20T09:42:11+00:00","dateModified":"2025-05-12T10:46:27+00:00","breadcrumb":{"@id":"https:\/\/blog.wesaas.fr\/#breadcrumb"},"inLanguage":"fr-FR","potentialAction":[{"@type":"ReadAction","target":["https:\/\/blog.wesaas.fr\/"]}]},{"@type":"BreadcrumbList","@id":"https:\/\/blog.wesaas.fr\/#breadcrumb","itemListElement":[{"@type":"ListItem","position":1,"name":"Accueil","item":"https:\/\/blog.wesaas.fr\/"},{"@type":"ListItem","position":2,"name":"Nos articles pour mieux connaitre le SaaS"}]}]}},"_links":{"self":[{"href":"https:\/\/blog.wesaas.fr\/index.php?rest_route=\/wp\/v2\/pages\/42","targetHints":{"allow":["GET"]}}],"collection":[{"href":"https:\/\/blog.wesaas.fr\/index.php?rest_route=\/wp\/v2\/pages"}],"about":[{"href":"https:\/\/blog.wesaas.fr\/index.php?rest_route=\/wp\/v2\/types\/page"}],"author":[{"embeddable":true,"href":"https:\/\/blog.wesaas.fr\/index.php?rest_route=\/wp\/v2\/users\/2"}],"replies":[{"embeddable":true,"href":"https:\/\/blog.wesaas.fr\/index.php?rest_route=%2Fwp%2Fv2%2Fcomments&post=42"}],"version-history":[{"count":8,"href":"https:\/\/blog.wesaas.fr\/index.php?rest_route=\/wp\/v2\/pages\/42\/revisions"}],"predecessor-version":[{"id":56,"href":"https:\/\/blog.wesaas.fr\/index.php?rest_route=\/wp\/v2\/pages\/42\/revisions\/56"}],"wp:attachment":[{"href":"https:\/\/blog.wesaas.fr\/index.php?rest_route=%2Fwp%2Fv2%2Fmedia&parent=42"}],"curies":[{"name":"wp","href":"https:\/\/api.w.org\/{rel}","templated":true}]}}